{"id":198561,"date":"2024-10-24T11:26:57","date_gmt":"2024-10-24T09:26:57","guid":{"rendered":"https:\/\/www.tzorg.nl\/ik-ben-nog-geen-client\/?page_id=198561"},"modified":"2025-10-23T17:09:11","modified_gmt":"2025-10-23T15:09:11","slug":"prive-zorg-aan-huis","status":"publish","type":"page","link":"https:\/\/www.tzorg.nl\/ik-ben-nog-geen-client\/i\/prive-zorg-aan-huis\/","title":{"rendered":"Priv\u00e9 zorg aan huis"},"content":{"rendered":"\n<div class=\"hh-block block-row\"data-mb=\"regular\">\n    <div class=\"block-row__row row block-row__row--preset-1\/2|1\/2 block-row__row--align-stretch\">\n                \n\n<div class=\"hh-block block-column col col--1 col--lg-1\/2\">\n    \n<p class=\"hh-block block-paragraph block-paragraph--id-69e0f99cb62a6\"data-mb=\"small\">Zoek je priv\u00e9 zorg aan huis? Tzorg levert professionele huishoudelijke ondersteuning en individuele begeleiding op maat.&nbsp;<a href=\"https:\/\/www.tzorg.nl\/ik-ben-nog-geen-client\/\">Lees meer over onze zorg<\/a>.<\/p>\n\n<h2 class=\"hh-block block-heading block-heading--id-69e0f99cb63b4 h2\"data-mb=\"smaller\" id=\"hh-heading-198a83a5-f45d-48b5-8ae4-23be5f4e00cb\"\">Priv\u00e9 zorg aan huis met Tzorg<\/h2>\n\n<p class=\"hh-block block-paragraph block-paragraph--id-69e0f99cb6444\"data-mb=\"small\">Bij het ouder worden wil vrijwel iedereen zo lang mogelijk zelfstandig thuis blijven wonen. Het kan echter gebeuren dat het je niet meer lukt om alle huishoudelijke taken zelf uit te voeren. Tzorg biedt daarom priv\u00e9 zorg aan huis. Met een vertrouwd en bekend gezicht vergroten wij de zelfredzaamheid van mensen, met name ouderen en chronisch zieken. Meer informatie over onze priv\u00e9 zorg aan huis?&nbsp;Vraag dan vrijblijvend meer informatie aan via de website van Tzorg.<\/p>\n\n<h2 class=\"hh-block block-heading block-heading--id-69e0f99cb6485 h2\"data-mb=\"smaller\" id=\"hh-heading-e4a143fc-0c58-4007-b738-ad7dab311525\"\">De juiste priv\u00e9 zorg aan huis voor langer wonen in jouw eigen woning<\/h2>\n\n<p class=\"hh-block block-paragraph block-paragraph--id-69e0f99cb64c1\"data-mb=\"small\">Tzorg levert als betrouwbare en integere zorgspecialist in meer dan 315 gemeenten in Nederland priv\u00e9 zorg aan huis. Zo kun je begeleiding ontvangen voor het beddengoed verschonen, de badkamer hygi\u00ebnisch fris maken, strijken en stofzuigen of de boodschappen doen. Samen met je bekijken we welke priv\u00e9 zorg aan huis voor je geschikt is. Tzorg werkt met een vaste thuishulp, zodat je altijd een vertrouwd en bekend gezicht in huis heeft. Zo bouw je een persoonlijke band op met een praatje bij de koffie. Ook heeft de thuishulp in de gaten wanneer het iets minder goed met je gaat. In dat geval kan de hulp andere zorgorganisaties inschakelen om de juiste zorg te verlenen.<\/p>\n\n\n\n    <div class=\"hh-block block-button block-button--align-left\"\n         data-mt=\"none\"         data-mb=\"small\">\n\n        \n            \n            <a href=\"https:\/\/www.tzorg.nl\/ik-ben-nog-geen-client\/i\/de-wmo-en-huishoudelijke-hulp-wat-is-er-mogelijk\/\" target=\"_self\" class=\"hh-button hh-button--bc hh-button--style-outlined hh-button--size-large hh-button--color-secondary block-button__button\"><span class=\"hh-button__text block-button__button-text\">Meer informatie over huishoudelijke hulp<\/span><\/a>\n        \n    <\/div>\n\n\n\n\n<h2 class=\"hh-block block-heading block-heading--id-69e0f99cb6d64 h2\"data-mb=\"smaller\" id=\"hh-heading-57da5784-dbe8-461e-89f1-8e13ea0b456a\"\">Aanvraag en kosten van priv\u00e9 zorg aan huis van Tzorg<\/h2>\n\n<p class=\"hh-block block-paragraph block-paragraph--id-69e0f99cb6dcc\"data-mb=\"small\">Voor het leveren van priv\u00e9 zorg aan huis heb je een indicatie nodig via&nbsp;de Wet maatschappelijke ondersteuning (Wmo). Deze zorgindicatie vraag je aan bij het Wmo-loket van jouw gemeente. Zij stellen vervolgens vast welke zorg noodzakelijk is zodat je zelfstandig in huis kunt blijven wonen. Nadat de indicatie is afgegeven, kan Tzorg aan de slag met het leveren van zorg aan huis. De rekeningen worden door de gemeente voldaan. Je betaalt alleen een eigen bijdrage van maximaal \u20ac21,- per maand.<\/p>\n\n<h2 class=\"hh-block block-heading block-heading--id-69e0f99cb6e02 h2\"data-mb=\"smaller\" id=\"hh-heading-f86ade91-a780-49b2-8b39-42712c3fcbf9\"\">Neem contact op met Tzorg voor meer informatie<\/h2>\n\n<p class=\"hh-block block-paragraph block-paragraph--id-69e0f99cb6e3c\"data-mb=\"small\">Vraag je zich af hoe de huishoudelijke ondersteuning en individuele begeleiding in jouw situatie eruit komt te zien?&nbsp;<a href=\"https:\/\/www.tzorg.nl\/ik-ben-nog-geen-client\/contact\/\">Neem dan gerust contact op<\/a>&nbsp;met Tzorg voor meer informatie over onze werkzaamheden.<\/p>\n\n\n\n    <div class=\"hh-block block-button block-button--align-left\"\n         data-mt=\"none\"         data-mb=\"small\">\n\n        \n            \n            <a href=\"https:\/\/www.tzorg.nl\/ik-ben-nog-geen-client\/aanmelden\/\" target=\"_self\" class=\"hh-button hh-button--bc hh-button--style-filled hh-button--size-large hh-button--color-primary block-button__button\"><span class=\"hh-button__text block-button__button-text\">Aanmelden zorg<\/span><\/a>\n        \n    <\/div>\n\n\n\n<\/div>\n\n\n<div class=\"hh-block block-column col col--1 col--lg-1\/2\">\n    \n\n\n\n    <div class=\"hh-block block-rating\"\n     data-mt=\"none\"     data-mb=\"small\">\n    \n        <div class=\"block-rating__wrapper\">\n            <div class=\"block-rating__content\">\n\n                <div class=\"block-rating__rating\">\n                    <span class=\"block-rating__number\">7,6<\/span>\n                <\/div>\n\n                <div class=\"block-rating__heading\">\n                    Vertrouwen in onze thuishulp                <\/div>\n\n                                    <ul class=\"block-rating__usp-wrapper\">\n                                                    <li class=\"block-rating__usp-item\">\n                                <div class=\"block-rating__check-wrapper\">\n                                    <svg class=\"block-rating__checkbox-icon\">\n                                        <use xlink:href=\"https:\/\/www.tzorg.nl\/ik-ben-nog-geen-client\/wp-content\/themes\/happyhorizon\/dist\/happyhorizon-icons-a0316ace699a2de18319fe4e051a51d5.svg#icon-checkbox\"\/>\n                                    <\/svg>\n                                <\/div>\n                                <span class=\"block-rating__usp-text\">\n                                    Een betrokken hulp                                <\/span>\n                            <\/li>\n                                                    <li class=\"block-rating__usp-item\">\n                                <div class=\"block-rating__check-wrapper\">\n                                    <svg class=\"block-rating__checkbox-icon\">\n                                        <use xlink:href=\"https:\/\/www.tzorg.nl\/ik-ben-nog-geen-client\/wp-content\/themes\/happyhorizon\/dist\/happyhorizon-icons-a0316ace699a2de18319fe4e051a51d5.svg#icon-checkbox\"\/>\n                                    <\/svg>\n                                <\/div>\n                                <span class=\"block-rating__usp-text\">\n                                    Wijkgericht: altijd dichtbij                                <\/span>\n                            <\/li>\n                                                    <li class=\"block-rating__usp-item\">\n                                <div class=\"block-rating__check-wrapper\">\n                                    <svg class=\"block-rating__checkbox-icon\">\n                                        <use xlink:href=\"https:\/\/www.tzorg.nl\/ik-ben-nog-geen-client\/wp-content\/themes\/happyhorizon\/dist\/happyhorizon-icons-a0316ace699a2de18319fe4e051a51d5.svg#icon-checkbox\"\/>\n                                    <\/svg>\n                                <\/div>\n                                <span class=\"block-rating__usp-text\">\n                                    ISO 9001 gecertificeerd                                <\/span>\n                            <\/li>\n                                            <\/ul>\n                  \n                \n            <\/div>\n            <div class=\"block-rating__visual-wrapper\">\n                <svg class=\"block-rating__visual\">\n                    <use xlink:href=\"https:\/\/www.tzorg.nl\/ik-ben-nog-geen-client\/wp-content\/themes\/happyhorizon\/dist\/happyhorizon-icons-a0316ace699a2de18319fe4e051a51d5.svg#image-rating\"\/>\n                <\/svg>\n            <\/div>\n            <div class=\"block-rating__background\">\n                \n            <\/div>\n        <\/div>   \n    <\/div>\n\n\n\n<\/div>\n            <\/div>\n<\/div>\n","protected":false},"excerpt":{"rendered":"","protected":false},"author":5,"featured_media":0,"parent":198565,"menu_order":49,"comment_status":"closed","ping_status":"closed","template":"","meta":{"_acf_changed":false,"footnotes":""},"class_list":["post-198561","page","type-page","status-publish","hentry"],"acf":[],"yoast_head":"<title>Priv\u00e9 zorg aan huis - Ik ben nog geen client<\/title>\n<meta name=\"robots\" content=\"index, follow, max-snippet:-1, max-image-preview:large, max-video-preview:-1\" \/>\n<link rel=\"canonical\" href=\"https:\/\/www.tzorg.nl\/ik-ben-nog-geen-client\/i\/prive-zorg-aan-huis\/\" \/>\n<meta property=\"og:locale\" content=\"nl_NL\" \/>\n<meta property=\"og:type\" content=\"article\" \/>\n<meta property=\"og:title\" content=\"Priv\u00e9 zorg aan huis - Ik ben nog geen client\" \/>\n<meta property=\"og:url\" content=\"https:\/\/www.tzorg.nl\/ik-ben-nog-geen-client\/i\/prive-zorg-aan-huis\/\" \/>\n<meta property=\"og:site_name\" content=\"Ik ben nog geen client\" \/>\n<meta property=\"article:modified_time\" content=\"2025-10-23T15:09:11+00:00\" \/>\n<meta name=\"twitter:card\" content=\"summary_large_image\" \/>\n<meta name=\"twitter:label1\" content=\"Geschatte leestijd\" \/>\n\t<meta name=\"twitter:data1\" content=\"2 minuten\" \/>\n<script type=\"application\/ld+json\" class=\"yoast-schema-graph\">{\"@context\":\"https:\\\/\\\/schema.org\",\"@graph\":[{\"@type\":\"WebPage\",\"@id\":\"https:\\\/\\\/www.tzorg.nl\\\/ik-ben-nog-geen-client\\\/i\\\/prive-zorg-aan-huis\\\/\",\"url\":\"https:\\\/\\\/www.tzorg.nl\\\/ik-ben-nog-geen-client\\\/i\\\/prive-zorg-aan-huis\\\/\",\"name\":\"Priv\u00e9 zorg aan huis - Ik ben nog geen client\",\"isPartOf\":{\"@id\":\"https:\\\/\\\/www.tzorg.nl\\\/ik-ben-nog-geen-client\\\/#website\"},\"datePublished\":\"2024-10-24T09:26:57+00:00\",\"dateModified\":\"2025-10-23T15:09:11+00:00\",\"breadcrumb\":{\"@id\":\"https:\\\/\\\/www.tzorg.nl\\\/ik-ben-nog-geen-client\\\/i\\\/prive-zorg-aan-huis\\\/#breadcrumb\"},\"inLanguage\":\"nl-NL\",\"potentialAction\":[{\"@type\":\"ReadAction\",\"target\":[\"https:\\\/\\\/www.tzorg.nl\\\/ik-ben-nog-geen-client\\\/i\\\/prive-zorg-aan-huis\\\/\"]}]},{\"@type\":\"BreadcrumbList\",\"@id\":\"https:\\\/\\\/www.tzorg.nl\\\/ik-ben-nog-geen-client\\\/i\\\/prive-zorg-aan-huis\\\/#breadcrumb\",\"itemListElement\":[{\"@type\":\"ListItem\",\"position\":1,\"name\":\"Home\",\"item\":\"https:\\\/\\\/www.tzorg.nl\\\/ik-ben-nog-geen-client\\\/\"},{\"@type\":\"ListItem\",\"position\":2,\"name\":\"Informatie\",\"item\":\"https:\\\/\\\/www.tzorg.nl\\\/ik-ben-nog-geen-client\\\/i\\\/\"},{\"@type\":\"ListItem\",\"position\":3,\"name\":\"Priv\u00e9 zorg aan huis\"}]},{\"@type\":\"WebSite\",\"@id\":\"https:\\\/\\\/www.tzorg.nl\\\/ik-ben-nog-geen-client\\\/#website\",\"url\":\"https:\\\/\\\/www.tzorg.nl\\\/ik-ben-nog-geen-client\\\/\",\"name\":\"Tzorg\",\"description\":\"Huishoudelijke hulp met persoonlijke aandacht\",\"publisher\":{\"@id\":\"https:\\\/\\\/www.tzorg.nl\\\/ik-ben-nog-geen-client\\\/#organization\"},\"potentialAction\":[{\"@type\":\"SearchAction\",\"target\":{\"@type\":\"EntryPoint\",\"urlTemplate\":\"https:\\\/\\\/www.tzorg.nl\\\/ik-ben-nog-geen-client\\\/?zoek-term={search_term_string}\"},\"query-input\":{\"@type\":\"PropertyValueSpecification\",\"valueRequired\":true,\"valueName\":\"search_term_string\"}}],\"inLanguage\":\"nl-NL\"},{\"@type\":\"Organization\",\"@id\":\"https:\\\/\\\/www.tzorg.nl\\\/ik-ben-nog-geen-client\\\/#organization\",\"name\":\"Tzorg\",\"url\":\"https:\\\/\\\/www.tzorg.nl\\\/ik-ben-nog-geen-client\\\/\",\"logo\":{\"@type\":\"ImageObject\",\"inLanguage\":\"nl-NL\",\"@id\":\"https:\\\/\\\/www.tzorg.nl\\\/ik-ben-nog-geen-client\\\/#\\\/schema\\\/logo\\\/image\\\/\",\"url\":\"https:\\\/\\\/www.tzorg.nl\\\/ik-ben-nog-geen-client\\\/wp-content\\\/uploads\\\/2024\\\/07\\\/tzorg-logo.svg\",\"contentUrl\":\"https:\\\/\\\/www.tzorg.nl\\\/ik-ben-nog-geen-client\\\/wp-content\\\/uploads\\\/2024\\\/07\\\/tzorg-logo.svg\",\"width\":86,\"height\":39,\"caption\":\"Tzorg\"},\"image\":{\"@id\":\"https:\\\/\\\/www.tzorg.nl\\\/ik-ben-nog-geen-client\\\/#\\\/schema\\\/logo\\\/image\\\/\"}}]}<\/script>","yoast_head_json":{"title":"Priv\u00e9 zorg aan huis - Ik ben nog geen client","robots":{"index":"index","follow":"follow","max-snippet":"max-snippet:-1","max-image-preview":"max-image-preview:large","max-video-preview":"max-video-preview:-1"},"canonical":"https:\/\/www.tzorg.nl\/ik-ben-nog-geen-client\/i\/prive-zorg-aan-huis\/","og_locale":"nl_NL","og_type":"article","og_title":"Priv\u00e9 zorg aan huis - Ik ben nog geen client","og_url":"https:\/\/www.tzorg.nl\/ik-ben-nog-geen-client\/i\/prive-zorg-aan-huis\/","og_site_name":"Ik ben nog geen client","article_modified_time":"2025-10-23T15:09:11+00:00","twitter_card":"summary_large_image","twitter_misc":{"Geschatte leestijd":"2 minuten"},"schema":{"@context":"https:\/\/schema.org","@graph":[{"@type":"WebPage","@id":"https:\/\/www.tzorg.nl\/ik-ben-nog-geen-client\/i\/prive-zorg-aan-huis\/","url":"https:\/\/www.tzorg.nl\/ik-ben-nog-geen-client\/i\/prive-zorg-aan-huis\/","name":"Priv\u00e9 zorg aan huis - Ik ben nog geen client","isPartOf":{"@id":"https:\/\/www.tzorg.nl\/ik-ben-nog-geen-client\/#website"},"datePublished":"2024-10-24T09:26:57+00:00","dateModified":"2025-10-23T15:09:11+00:00","breadcrumb":{"@id":"https:\/\/www.tzorg.nl\/ik-ben-nog-geen-client\/i\/prive-zorg-aan-huis\/#breadcrumb"},"inLanguage":"nl-NL","potentialAction":[{"@type":"ReadAction","target":["https:\/\/www.tzorg.nl\/ik-ben-nog-geen-client\/i\/prive-zorg-aan-huis\/"]}]},{"@type":"BreadcrumbList","@id":"https:\/\/www.tzorg.nl\/ik-ben-nog-geen-client\/i\/prive-zorg-aan-huis\/#breadcrumb","itemListElement":[{"@type":"ListItem","position":1,"name":"Home","item":"https:\/\/www.tzorg.nl\/ik-ben-nog-geen-client\/"},{"@type":"ListItem","position":2,"name":"Informatie","item":"https:\/\/www.tzorg.nl\/ik-ben-nog-geen-client\/i\/"},{"@type":"ListItem","position":3,"name":"Priv\u00e9 zorg aan huis"}]},{"@type":"WebSite","@id":"https:\/\/www.tzorg.nl\/ik-ben-nog-geen-client\/#website","url":"https:\/\/www.tzorg.nl\/ik-ben-nog-geen-client\/","name":"Tzorg","description":"Huishoudelijke hulp met persoonlijke aandacht","publisher":{"@id":"https:\/\/www.tzorg.nl\/ik-ben-nog-geen-client\/#organization"},"potentialAction":[{"@type":"SearchAction","target":{"@type":"EntryPoint","urlTemplate":"https:\/\/www.tzorg.nl\/ik-ben-nog-geen-client\/?zoek-term={search_term_string}"},"query-input":{"@type":"PropertyValueSpecification","valueRequired":true,"valueName":"search_term_string"}}],"inLanguage":"nl-NL"},{"@type":"Organization","@id":"https:\/\/www.tzorg.nl\/ik-ben-nog-geen-client\/#organization","name":"Tzorg","url":"https:\/\/www.tzorg.nl\/ik-ben-nog-geen-client\/","logo":{"@type":"ImageObject","inLanguage":"nl-NL","@id":"https:\/\/www.tzorg.nl\/ik-ben-nog-geen-client\/#\/schema\/logo\/image\/","url":"https:\/\/www.tzorg.nl\/ik-ben-nog-geen-client\/wp-content\/uploads\/2024\/07\/tzorg-logo.svg","contentUrl":"https:\/\/www.tzorg.nl\/ik-ben-nog-geen-client\/wp-content\/uploads\/2024\/07\/tzorg-logo.svg","width":86,"height":39,"caption":"Tzorg"},"image":{"@id":"https:\/\/www.tzorg.nl\/ik-ben-nog-geen-client\/#\/schema\/logo\/image\/"}}]}},"_links":{"self":[{"href":"https:\/\/www.tzorg.nl\/ik-ben-nog-geen-client\/wp-json\/wp\/v2\/pages\/198561","targetHints":{"allow":["GET"]}}],"collection":[{"href":"https:\/\/www.tzorg.nl\/ik-ben-nog-geen-client\/wp-json\/wp\/v2\/pages"}],"about":[{"href":"https:\/\/www.tzorg.nl\/ik-ben-nog-geen-client\/wp-json\/wp\/v2\/types\/page"}],"author":[{"embeddable":true,"href":"https:\/\/www.tzorg.nl\/ik-ben-nog-geen-client\/wp-json\/wp\/v2\/users\/5"}],"replies":[{"embeddable":true,"href":"https:\/\/www.tzorg.nl\/ik-ben-nog-geen-client\/wp-json\/wp\/v2\/comments?post=198561"}],"version-history":[{"count":7,"href":"https:\/\/www.tzorg.nl\/ik-ben-nog-geen-client\/wp-json\/wp\/v2\/pages\/198561\/revisions"}],"predecessor-version":[{"id":206240,"href":"https:\/\/www.tzorg.nl\/ik-ben-nog-geen-client\/wp-json\/wp\/v2\/pages\/198561\/revisions\/206240"}],"up":[{"embeddable":true,"href":"https:\/\/www.tzorg.nl\/ik-ben-nog-geen-client\/wp-json\/wp\/v2\/pages\/198565"}],"wp:attachment":[{"href":"https:\/\/www.tzorg.nl\/ik-ben-nog-geen-client\/wp-json\/wp\/v2\/media?parent=198561"}],"curies":[{"name":"wp","href":"https:\/\/api.w.org\/{rel}","templated":true}]}}