{"id":8,"date":"2024-07-19T11:04:34","date_gmt":"2024-07-19T11:04:34","guid":{"rendered":"https:\/\/www.tzorg.nl\/ik-ben-al-client\/?page_id=8"},"modified":"2026-04-30T11:00:08","modified_gmt":"2026-04-30T09:00:08","slug":"homepage","status":"publish","type":"page","link":"https:\/\/www.tzorg.nl\/ik-ben-al-client\/","title":{"rendered":"Homepage"},"content":{"rendered":"\n<div class=\"hh-block block-row block-row--stretch-narrow\"data-mb=\"regular\">\n    <div class=\"block-row__row row block-row__row--align-stretch\">\n                \n\n<div class=\"hh-block block-column col col--1 col--lg-1\/1\">\n    \n<h1 class=\"hh-block block-heading block-heading--id-69fe3aaf315e2 h1\"id=\"hh-heading-181d91c3-90a8-4abf-9441-dc9f9473b95a\"\">Hoe kunnen we je helpen?<\/h1>\n<\/div>\n            <\/div>\n<\/div>\n\n\n\n<div class=\"hh-block block-row block-row--stretch-narrow\"data-mb=\"regular\">\n    <div class=\"block-row__row row block-row__row--preset-1\/2|1\/2 block-row__row--align-stretch\">\n                \n\n<div class=\"hh-block block-column col col--1 col--lg-1\/2\">\n    \n\n\n    <article class=\"hh-block block-card block-card--has-link\"\n        data-mt=\"none\"        data-mb=\"small\">\n            \n        <a class=\"block-card__wrapper\" href=\"https:\/\/www.tzorg.nl\/ik-ben-al-client\/contact\/\" target=\"\" title=\"Contact\">\n            <figure class=\"block-card__image-container\">\n                \n                    <picture draggable=\"false\" class=\"block-card__picture\">\n\n                        <source media=\"(min-width: 481px)\"\n                                width=\"520px\"\n                                height=\"320px\"\n                                srcset=\"https:\/\/www.tzorg.nl\/ik-ben-al-client\/wp-content\/uploads\/2024\/09\/Ontwerp-zonder-titel-2.png-520x320.webp\"\/>\n\n                        <source media=\"(min-width: 0px)\"\n                                width=\"360px\"\n                                height=\"220px\"\n                                srcset=\"https:\/\/www.tzorg.nl\/ik-ben-al-client\/wp-content\/uploads\/2024\/09\/Ontwerp-zonder-titel-2.png.webp 2x, https:\/\/www.tzorg.nl\/ik-ben-al-client\/wp-content\/uploads\/2024\/09\/Ontwerp-zonder-titel-2.png-360x220.webp\"\/>\n\n                        <img decoding=\"async\" loading=\"lazy\"\n                            draggable=\"false\"\n                            class=\"block-card__picture\"\n                            src=\"https:\/\/www.tzorg.nl\/ik-ben-al-client\/wp-content\/uploads\/2024\/09\/Ontwerp-zonder-titel-2.png-520x320.webp\"\n                            alt=\"Highlight menu item\"\n                            width=\"520px\"\n                            height=\"320px\"\/>\n                    <\/picture>\n\n                            <\/figure>\n\n            <div class=\"block-card__meta\">\n                <div class=\"block-card__meta-top\">\n                    <span class=\"block-card__title h2\">\n                        Ik wil contact met Tzorg                    <\/span>\n\n                    <div class=\"block-card__content-button-wrapper\">\n                                                    <div class=\"block-card__content\">\n                                <p>Laat ons weten wat je vraag is.<\/p>\n                            <\/div>\n                        \n                                                    <div class=\"block-card__button hh-button hh-button--style-text hh-button--size-medium hh-button--color-secondary\"\n                                 href=\"https:\/\/www.tzorg.nl\/ik-ben-al-client\/contact\/\"\n                                 target=\"\"\n                                 title=\"Contact\">\n\n                                <svg class=\"block-card__button-icon hh-button__icon\">\n                                    <use xlink:href=\"https:\/\/www.tzorg.nl\/ik-ben-al-client\/wp-content\/themes\/happyhorizon\/dist\/happyhorizon-icons-a0316ace699a2de18319fe4e051a51d5.svg#next\"\/>\n                                <\/svg>\n                            <\/div>\n                                            <\/div>\n                <\/div>\n            <\/div>\n\n        <\/a>\n    <\/article>\n\n\n<\/div>\n\n\n<div class=\"hh-block block-column col col--1 col--lg-1\/2\">\n    \n\n\n    <article class=\"hh-block block-card block-card--has-link\"\n        data-mt=\"none\"        data-mb=\"small\">\n            \n        <a class=\"block-card__wrapper\" href=\"https:\/\/voorzorg.nl\/?utm_source=tzorg.nl&amp;utm_medium=ik_ben_al_client&amp;utm_campaign=voorzorg_blok\" target=\"_blank\" title=\"Voorzorg.nl\">\n            <figure class=\"block-card__image-container\">\n                \n                    <picture draggable=\"false\" class=\"block-card__picture\">\n\n                        <source media=\"(min-width: 481px)\"\n                                width=\"520px\"\n                                height=\"320px\"\n                                srcset=\"https:\/\/www.tzorg.nl\/ik-ben-al-client\/wp-content\/uploads\/2024\/09\/Ontwerp-zonder-titel-1.png-520x320.webp\"\/>\n\n                        <source media=\"(min-width: 0px)\"\n                                width=\"360px\"\n                                height=\"220px\"\n                                srcset=\"https:\/\/www.tzorg.nl\/ik-ben-al-client\/wp-content\/uploads\/2024\/09\/Ontwerp-zonder-titel-1.png.webp 2x, https:\/\/www.tzorg.nl\/ik-ben-al-client\/wp-content\/uploads\/2024\/09\/Ontwerp-zonder-titel-1.png-360x220.webp\"\/>\n\n                        <img decoding=\"async\" loading=\"lazy\"\n                            draggable=\"false\"\n                            class=\"block-card__picture\"\n                            src=\"https:\/\/www.tzorg.nl\/ik-ben-al-client\/wp-content\/uploads\/2024\/09\/Ontwerp-zonder-titel-1.png-520x320.webp\"\n                            alt=\"Multisite &#8211; Active Top Menu\"\n                            width=\"520px\"\n                            height=\"320px\"\/>\n                    <\/picture>\n\n                            <\/figure>\n\n            <div class=\"block-card__meta\">\n                <div class=\"block-card__meta-top\">\n                    <span class=\"block-card__title h2\">\n                        Online platform &#8216;Voorzorg&#8217;                    <\/span>\n\n                    <div class=\"block-card__content-button-wrapper\">\n                                                    <div class=\"block-card__content\">\n                                <p>Informatie, tips en recepten; voor jezelf of een ander.<\/p>\n                            <\/div>\n                        \n                                                    <div class=\"block-card__button hh-button hh-button--style-text hh-button--size-medium hh-button--color-secondary\"\n                                 href=\"https:\/\/voorzorg.nl\/?utm_source=tzorg.nl&amp;utm_medium=ik_ben_al_client&amp;utm_campaign=voorzorg_blok\"\n                                 target=\"_blank\"\n                                 title=\"Voorzorg.nl\">\n\n                                <svg class=\"block-card__button-icon hh-button__icon\">\n                                    <use xlink:href=\"https:\/\/www.tzorg.nl\/ik-ben-al-client\/wp-content\/themes\/happyhorizon\/dist\/happyhorizon-icons-a0316ace699a2de18319fe4e051a51d5.svg#next\"\/>\n                                <\/svg>\n                            <\/div>\n                                            <\/div>\n                <\/div>\n            <\/div>\n\n        <\/a>\n    <\/article>\n\n\n<\/div>\n            <\/div>\n<\/div>\n\n\n\n\n    <div class=\"hh-block block-outer-container block-outer-container--has-background block-outer-container--background-color-light hh-has-light-background block-outer-container--69fe3aaf3643e block-outer-container--stretch-full-width-regular-content\"\n         data-mt=\"none\"         data-mb=\"large\">\n\n        \n        <style>\n            .block-outer-container--69fe3aaf3643e {\n                --hh-current-bg: var(--hh-color-light);\n            }\n        <\/style>\n\n        \n        <div class=\"block-outer-container__bg-inner\" style=\"background: var(--hh-color-light);\">\n            <div class=\"block-outer-container__inner container\">\n                                \n<p class=\"hh-block block-paragraph block-paragraph--id-69fe3aaf33dc4\"data-mb=\"small\"><\/p>\n\n\n<div class=\"hh-block block-row\"data-mb=\"regular\">\n    <div class=\"block-row__row row block-row__row--preset-1\/2|1\/2 block-row__row--align-stretch\">\n                \n\n<div class=\"hh-block block-column col col--1 col--lg-1\/2\">\n    \n<h2 class=\"hh-block block-heading block-heading--id-69fe3aaf33e35 h2\"data-mb=\"smaller\" id=\"hh-heading-df4ec3a9-774a-42e2-a5ba-240b531c521f\"\">Past de ondersteuning nog bij mij?<\/h2>\n\n<p class=\"hh-block block-paragraph block-paragraph--id-69fe3aaf33e7a\"data-mb=\"small\">Heb je tijdelijk meer hulp nodig dan je nu krijgt, bijvoorbeeld omdat je geopereerd bent of bepaalde taken niet meer zelfstandig lukken? Als je incidenteel (tijdelijk) meer hulp nodig hebt, bespreekt jouw zorgco\u00f6rdinator de opties met jou.<\/p>\n\n<p class=\"hh-block block-paragraph block-paragraph--id-69fe3aaf33eb1\"data-mb=\"small\">Vul je postcode in en neem contact op met je zorgco\u00f6rdinator.<\/p>\n\n\n\n\n    <div class=\"hh-block block-location-finder\"\n     data-mt=\"none\"     data-mb=\"small\">\n        \n<div class=\"snippet-location-finder\"\n     data-site-id=\"3\"\n     data-show-contact=\"false\"\n     data-no-results-text=\"Voor deze postcode hebben wij geen gemeente gevonden.\"\n     data-invalid-input-text=\"Ongeldige postcode. Vul je 4 cijferige postcode in.\"\n     >\n    <div class=\"snippet-location-finder__wrapper\">\n\n        <input type=\"text\" class=\"snippet-location-finder__input\" placeholder=\"Postcode, bijvoorbeeld 1234\" maxlength=\"4\">\n\n        <div class=\"snippet-location-finder__messages\">\n        <\/div>\n\n        <a class=\"snippet-location-finder__results\" href=\"#\" target=\"_self\">\n            <span class=\"snippet-location-finder__result-title\">\n                Gemeente                <span class=\"snippet-location-finder__result-context\"><\/span>          \n            <\/span>\n\n            <div class=\"snippet-location-finder__result-icon-wrapper  hh-button hh-button--style-text hh-button--size-medium hh-button--color-secondary\">\n                <svg class=\"snippet-location-finder__result-icon  hh-button__icon\">\n                    <use xlink:href=\"https:\/\/www.tzorg.nl\/ik-ben-al-client\/wp-content\/themes\/happyhorizon\/dist\/happyhorizon-icons-a0316ace699a2de18319fe4e051a51d5.svg#next\"\/>\n                <\/svg>\n            <\/div>\n        <\/a>\n\n        <div class=\"snippet-location-finder__submit-button\">\n            <button class=\"hh-button hh-button--style-outlined hh-button--size-xlarge hh-button--color-secondary\">\n                Zoek jouw gemeente            <\/button>\n        <\/div>\n    <\/div>\n<\/div>\n    <\/div>\n\n\n\n<\/div>\n\n\n<div class=\"hh-block block-column col col--1 col--lg-1\/2\">\n    \n<h2 class=\"hh-block block-heading block-heading--id-69fe3aaf34fbd h2\"data-mb=\"smaller\" id=\"hh-heading-70a85405-eef8-41ff-b824-8d8e3f860b53\"\">Veelgestelde vragen<\/h2>\n\n\n\n    <div class=\"block-questions hh-block\"\n         data-mt=\"none\"         data-mb=\"small\">\n\n                    <article class=\"snippet-faq snippet-faq--collapsible hh-accordion\">\n            <button class=\"snippet-faq__question h6\"\n                id=\"snippet-faq-69fe3aaf3586c-question\"\n                aria-expanded=\"false\"\n                aria-controls=\"snippet-faq-69fe3aaf3586c-answer\">\n            Aan welke gedragsregels moet ik mij houden?        <\/button>\n        <div class=\"snippet-faq__answer\"\n             id=\"snippet-faq-69fe3aaf3586c-answer\"\n             role=\"region\"\n             aria-labelledby=\"snippet-faq-69fe3aaf3586c-question\"\n             hidden>\n            <p>Onze thuishulpen en begeleiders willen jou zoveel mogelijk vrij laten in hoe jij woont en leeft, maar er zijn een paar regels die voor alle cli\u00ebnten gelden. Het is namelijk belangrijk om het onderling vertrouwen niet te schaden. Daarom hebben wij voor jou als cli\u00ebnt enkele <a target=\"_blank\" href=\"\/gedragsregels\" rel=\"noopener\">gedragsregels\u00a0<\/a>opgesteld.<\/p>\n        <\/div>\n    <\/article>\n                    <article class=\"snippet-faq snippet-faq--collapsible hh-accordion\">\n            <button class=\"snippet-faq__question h6\"\n                id=\"snippet-faq-69fe3aaf359be-question\"\n                aria-expanded=\"false\"\n                aria-controls=\"snippet-faq-69fe3aaf359be-answer\">\n            Het zorgmoment komt niet uit, wat moet ik doen?        <\/button>\n        <div class=\"snippet-faq__answer\"\n             id=\"snippet-faq-69fe3aaf359be-answer\"\n             role=\"region\"\n             aria-labelledby=\"snippet-faq-69fe3aaf359be-question\"\n             hidden>\n            <p>Kun je op het afgesproken moment geen ondersteuning ontvangen? Meld dit dan uiterlijk 24 uur van tevoren bij jouw planbureau van Tzorg.<\/p>\n<p>Let op: als je je afmeldt bij een andere zorgaanbieder, wordt dit niet automatisch aan Tzorg doorgegeven. Je moet dit dus zelf doorgeven aan Tzorg.<\/p>\n<p>Zeg je de afspraak niet op tijd af? Dan kunnen wij kosten in rekening brengen, zoals gederfde inkomsten. Was het voor jou onmogelijk om op tijd af te zeggen? Bijvoorbeeld door een onverwachte ziekenhuisopname? Dan hoef je deze kosten niet te betalen, mits je dit kunt aantonen.<\/p>\n        <\/div>\n    <\/article>\n                    <article class=\"snippet-faq snippet-faq--collapsible hh-accordion\">\n            <button class=\"snippet-faq__question h6\"\n                id=\"snippet-faq-69fe3aaf35b4d-question\"\n                aria-expanded=\"false\"\n                aria-controls=\"snippet-faq-69fe3aaf35b4d-answer\">\n            Hoe meld ik schade?        <\/button>\n        <div class=\"snippet-faq__answer\"\n             id=\"snippet-faq-69fe3aaf35b4d-answer\"\n             role=\"region\"\n             aria-labelledby=\"snippet-faq-69fe3aaf35b4d-question\"\n             hidden>\n            <p>Lees hier <a href=\"https:\/\/www.tzorg.nl\/ik-ben-al-client\/schade\/\">meer over hoe je schade kunt melden.<\/a><\/p>\n        <\/div>\n    <\/article>\n        \n            <\/div>\n\n\n\n\n\n    <div class=\"hh-block block-button block-button--align-left\"\n         data-mt=\"none\"         data-mb=\"small\">\n\n        \n            \n            <a href=\"https:\/\/www.tzorg.nl\/ik-ben-al-client\/veelgestelde-vragen\/\" target=\"_self\" class=\"hh-button hh-button--bc hh-button--style-outlined hh-button--size-large hh-button--color-secondary block-button__button\"><span class=\"hh-button__text block-button__button-text\">Bekijk meer gestelde vragen<\/span><\/a>\n        \n    <\/div>\n\n\n\n<\/div>\n            <\/div>\n<\/div>\n\n\n                            <\/div>\n        <\/div>\n\n        \n    <\/div>\n\n\n\n\n<div class=\"hh-block block-row\"data-mb=\"regular\">\n    <div class=\"block-row__row row block-row__row--preset-1\/2|1\/2 block-row__row--align-stretch\">\n                \n\n<div class=\"hh-block block-column col col--1 col--lg-1\/2\">\n    \n<h2 class=\"hh-block block-heading block-heading--id-69fe3aaf36d20 h2\"data-mb=\"smaller\" id=\"hh-heading-be2013a6-8dbe-42b6-a83b-bf9e5bcacf17\"\">Cli\u00ebnttevredenheid<\/h2>\n\n<p class=\"hh-block block-paragraph block-paragraph--id-69fe3aaf36d80\"data-mb=\"small\">Een aangenaam thuis, daar zorgen wij voor. Wij vinden het belangrijk dat je tevreden bent. Daarom horen wij graag hoe je onze ondersteuning ervaart. Laat jouw mening weten via het cli\u00ebnttevredenheidsonderzoek.<\/p>\n\n<p class=\"hh-block block-paragraph block-paragraph--id-69fe3aaf36dbd\"data-mb=\"small\"><strong>Wil je meedoen? Vul dan hier jouw gegevens en mailadres in.<\/strong><\/p>\n\n\n\n    <div class=\"hh-block block-button block-button--align-left\"\n         data-mt=\"none\"         data-mb=\"small\">\n\n        \n            \n            <a href=\"https:\/\/www.tzorg.nl\/ik-ben-al-client\/gegevens\/\" target=\"_self\" class=\"hh-button hh-button--bc hh-button--style-outlined hh-button--size-large hh-button--color-secondary block-button__button\"><span class=\"hh-button__text block-button__button-text\">Vul de gegevens in<\/span><\/a>\n        \n    <\/div>\n\n\n\n<\/div>\n\n\n<div class=\"hh-block block-column col col--1 col--lg-1\/2\">\n    \n<h2 class=\"hh-block block-heading block-heading--id-69fe3aaf370b6 h2\"data-mb=\"smaller\" id=\"hh-heading-4e587c5c-ae88-4356-a811-4caa1cbdc8cf\"\">Cli\u00ebntenraad<\/h2>\n\n<p class=\"hh-block block-paragraph block-paragraph--id-69fe3aaf370fc\"data-mb=\"small\">De cli\u00ebntenraad komt op voor de belangen van cli\u00ebnten en draagt bij aan het verbeteren van onze dienstverlening. Graag hoort de cli\u00ebntenraad ook jouw idee\u00ebn. Wil je een onderwerp onder de aandacht brengen? <a href=\"mailto:clientenraad@tzorg.nl\"><strong>Neem dan contact op<\/strong><\/a>.<br><\/p>\n\n\n\n    <div class=\"hh-block block-button block-button--align-left\"\n         data-mt=\"none\"         data-mb=\"small\">\n\n        \n            \n            <a href=\"https:\/\/www.tzorg.nl\/ik-ben-al-client\/wp-content\/uploads\/2026\/04\/Jaarverslag-Clientenraad-2025.pdf\" target=\"_self\" class=\"hh-button hh-button--bc hh-button--style-outlined hh-button--size-large hh-button--color-secondary block-button__button\"><span class=\"hh-button__text block-button__button-text\">Bekijk het jaarverslag<\/span><\/a>\n        \n    <\/div>\n\n\n\n\n\n\n    <div class=\"hh-block block-button block-button--align-left\"\n         data-mt=\"none\"         data-mb=\"small\">\n\n        \n            \n            <a href=\"https:\/\/www.tzorg.nl\/ik-ben-al-client\/clientenraad\/\" target=\"_blank\" rel=\"noopener noreferrer\" class=\"hh-button hh-button--bc hh-button--style-outlined hh-button--size-large hh-button--color-secondary block-button__button\"><span class=\"hh-button__text block-button__button-text\">Lees meer over de cli\u00ebntenraad<span class=\"hh-sr-only\"> (opent in nieuw tabblad)<\/span><\/span><\/a>\n        \n    <\/div>\n\n\n\n<\/div>\n            <\/div>\n<\/div>\n","protected":false},"excerpt":{"rendered":"","protected":false},"author":1,"featured_media":0,"parent":0,"menu_order":7,"comment_status":"closed","ping_status":"closed","template":"","meta":{"_acf_changed":false,"footnotes":""},"class_list":["post-8","page","type-page","status-publish","hentry"],"acf":[],"yoast_head":"<title>Homepage - Ik ben al client<\/title>\n<meta name=\"description\" content=\"Aangenaam thuis wonen. Ook als je (even) niet alles zelf kunt doen. Wij helpen je daarbij met huishoudelijke hulp en individuele begeleiding.\" \/>\n<meta name=\"robots\" content=\"index, follow, max-snippet:-1, max-image-preview:large, max-video-preview:-1\" \/>\n<link rel=\"canonical\" href=\"https:\/\/www.tzorg.nl\/ik-ben-al-client\/\" \/>\n<meta property=\"og:locale\" content=\"nl_NL\" \/>\n<meta property=\"og:type\" content=\"article\" \/>\n<meta property=\"og:title\" content=\"Homepage - Ik ben al client\" \/>\n<meta property=\"og:description\" content=\"Aangenaam thuis wonen. Ook als je (even) niet alles zelf kunt doen. Wij helpen je daarbij met huishoudelijke hulp en individuele begeleiding.\" \/>\n<meta property=\"og:url\" content=\"https:\/\/www.tzorg.nl\/ik-ben-al-client\/\" \/>\n<meta property=\"og:site_name\" content=\"Ik ben al client\" \/>\n<meta property=\"article:modified_time\" content=\"2026-04-30T09:00:08+00:00\" \/>\n<meta name=\"twitter:card\" content=\"summary_large_image\" \/>\n<meta name=\"twitter:label1\" content=\"Geschatte leestijd\" \/>\n\t<meta name=\"twitter:data1\" content=\"1 minuut\" \/>\n<script type=\"application\/ld+json\" class=\"yoast-schema-graph\">{\"@context\":\"https:\\\/\\\/schema.org\",\"@graph\":[{\"@type\":\"WebPage\",\"@id\":\"https:\\\/\\\/www.tzorg.nl\\\/ik-ben-al-client\\\/\",\"url\":\"https:\\\/\\\/www.tzorg.nl\\\/ik-ben-al-client\\\/\",\"name\":\"Homepage - Ik ben al client\",\"isPartOf\":{\"@id\":\"https:\\\/\\\/www.tzorg.nl\\\/ik-ben-al-client\\\/#website\"},\"datePublished\":\"2024-07-19T11:04:34+00:00\",\"dateModified\":\"2026-04-30T09:00:08+00:00\",\"description\":\"Aangenaam thuis wonen. Ook als je (even) niet alles zelf kunt doen. Wij helpen je daarbij met huishoudelijke hulp en individuele begeleiding.\",\"breadcrumb\":{\"@id\":\"https:\\\/\\\/www.tzorg.nl\\\/ik-ben-al-client\\\/#breadcrumb\"},\"inLanguage\":\"nl-NL\",\"potentialAction\":[{\"@type\":\"ReadAction\",\"target\":[\"https:\\\/\\\/www.tzorg.nl\\\/ik-ben-al-client\\\/\"]}]},{\"@type\":\"BreadcrumbList\",\"@id\":\"https:\\\/\\\/www.tzorg.nl\\\/ik-ben-al-client\\\/#breadcrumb\",\"itemListElement\":[{\"@type\":\"ListItem\",\"position\":1,\"name\":\"Home\",\"item\":\"https:\\\/\\\/www.tzorg.nl\\\/ik-ben-al-client\\\/\"},{\"@type\":\"ListItem\",\"position\":2,\"name\":\"Homepage\"}]},{\"@type\":\"WebSite\",\"@id\":\"https:\\\/\\\/www.tzorg.nl\\\/ik-ben-al-client\\\/#website\",\"url\":\"https:\\\/\\\/www.tzorg.nl\\\/ik-ben-al-client\\\/\",\"name\":\"Tzorg\",\"description\":\"Huishoudelijke hulp met persoonlijke aandacht\",\"publisher\":{\"@id\":\"https:\\\/\\\/www.tzorg.nl\\\/ik-ben-al-client\\\/#organization\"},\"potentialAction\":[{\"@type\":\"SearchAction\",\"target\":{\"@type\":\"EntryPoint\",\"urlTemplate\":\"https:\\\/\\\/www.tzorg.nl\\\/ik-ben-al-client\\\/?zoek-term={search_term_string}\"},\"query-input\":{\"@type\":\"PropertyValueSpecification\",\"valueRequired\":true,\"valueName\":\"search_term_string\"}}],\"inLanguage\":\"nl-NL\"},{\"@type\":\"Organization\",\"@id\":\"https:\\\/\\\/www.tzorg.nl\\\/ik-ben-al-client\\\/#organization\",\"name\":\"Tzorg\",\"url\":\"https:\\\/\\\/www.tzorg.nl\\\/ik-ben-al-client\\\/\",\"logo\":{\"@type\":\"ImageObject\",\"inLanguage\":\"nl-NL\",\"@id\":\"https:\\\/\\\/www.tzorg.nl\\\/ik-ben-al-client\\\/#\\\/schema\\\/logo\\\/image\\\/\",\"url\":\"https:\\\/\\\/www.tzorg.nl\\\/ik-ben-al-client\\\/wp-content\\\/uploads\\\/2024\\\/07\\\/tzorg-logo.svg\",\"contentUrl\":\"https:\\\/\\\/www.tzorg.nl\\\/ik-ben-al-client\\\/wp-content\\\/uploads\\\/2024\\\/07\\\/tzorg-logo.svg\",\"width\":86,\"height\":39,\"caption\":\"Tzorg\"},\"image\":{\"@id\":\"https:\\\/\\\/www.tzorg.nl\\\/ik-ben-al-client\\\/#\\\/schema\\\/logo\\\/image\\\/\"}}]}<\/script>","yoast_head_json":{"title":"Homepage - Ik ben al client","description":"Aangenaam thuis wonen. Ook als je (even) niet alles zelf kunt doen. Wij helpen je daarbij met huishoudelijke hulp en individuele begeleiding.","robots":{"index":"index","follow":"follow","max-snippet":"max-snippet:-1","max-image-preview":"max-image-preview:large","max-video-preview":"max-video-preview:-1"},"canonical":"https:\/\/www.tzorg.nl\/ik-ben-al-client\/","og_locale":"nl_NL","og_type":"article","og_title":"Homepage - Ik ben al client","og_description":"Aangenaam thuis wonen. Ook als je (even) niet alles zelf kunt doen. Wij helpen je daarbij met huishoudelijke hulp en individuele begeleiding.","og_url":"https:\/\/www.tzorg.nl\/ik-ben-al-client\/","og_site_name":"Ik ben al client","article_modified_time":"2026-04-30T09:00:08+00:00","twitter_card":"summary_large_image","twitter_misc":{"Geschatte leestijd":"1 minuut"},"schema":{"@context":"https:\/\/schema.org","@graph":[{"@type":"WebPage","@id":"https:\/\/www.tzorg.nl\/ik-ben-al-client\/","url":"https:\/\/www.tzorg.nl\/ik-ben-al-client\/","name":"Homepage - Ik ben al client","isPartOf":{"@id":"https:\/\/www.tzorg.nl\/ik-ben-al-client\/#website"},"datePublished":"2024-07-19T11:04:34+00:00","dateModified":"2026-04-30T09:00:08+00:00","description":"Aangenaam thuis wonen. Ook als je (even) niet alles zelf kunt doen. Wij helpen je daarbij met huishoudelijke hulp en individuele begeleiding.","breadcrumb":{"@id":"https:\/\/www.tzorg.nl\/ik-ben-al-client\/#breadcrumb"},"inLanguage":"nl-NL","potentialAction":[{"@type":"ReadAction","target":["https:\/\/www.tzorg.nl\/ik-ben-al-client\/"]}]},{"@type":"BreadcrumbList","@id":"https:\/\/www.tzorg.nl\/ik-ben-al-client\/#breadcrumb","itemListElement":[{"@type":"ListItem","position":1,"name":"Home","item":"https:\/\/www.tzorg.nl\/ik-ben-al-client\/"},{"@type":"ListItem","position":2,"name":"Homepage"}]},{"@type":"WebSite","@id":"https:\/\/www.tzorg.nl\/ik-ben-al-client\/#website","url":"https:\/\/www.tzorg.nl\/ik-ben-al-client\/","name":"Tzorg","description":"Huishoudelijke hulp met persoonlijke aandacht","publisher":{"@id":"https:\/\/www.tzorg.nl\/ik-ben-al-client\/#organization"},"potentialAction":[{"@type":"SearchAction","target":{"@type":"EntryPoint","urlTemplate":"https:\/\/www.tzorg.nl\/ik-ben-al-client\/?zoek-term={search_term_string}"},"query-input":{"@type":"PropertyValueSpecification","valueRequired":true,"valueName":"search_term_string"}}],"inLanguage":"nl-NL"},{"@type":"Organization","@id":"https:\/\/www.tzorg.nl\/ik-ben-al-client\/#organization","name":"Tzorg","url":"https:\/\/www.tzorg.nl\/ik-ben-al-client\/","logo":{"@type":"ImageObject","inLanguage":"nl-NL","@id":"https:\/\/www.tzorg.nl\/ik-ben-al-client\/#\/schema\/logo\/image\/","url":"https:\/\/www.tzorg.nl\/ik-ben-al-client\/wp-content\/uploads\/2024\/07\/tzorg-logo.svg","contentUrl":"https:\/\/www.tzorg.nl\/ik-ben-al-client\/wp-content\/uploads\/2024\/07\/tzorg-logo.svg","width":86,"height":39,"caption":"Tzorg"},"image":{"@id":"https:\/\/www.tzorg.nl\/ik-ben-al-client\/#\/schema\/logo\/image\/"}}]}},"_links":{"self":[{"href":"https:\/\/www.tzorg.nl\/ik-ben-al-client\/wp-json\/wp\/v2\/pages\/8","targetHints":{"allow":["GET"]}}],"collection":[{"href":"https:\/\/www.tzorg.nl\/ik-ben-al-client\/wp-json\/wp\/v2\/pages"}],"about":[{"href":"https:\/\/www.tzorg.nl\/ik-ben-al-client\/wp-json\/wp\/v2\/types\/page"}],"author":[{"embeddable":true,"href":"https:\/\/www.tzorg.nl\/ik-ben-al-client\/wp-json\/wp\/v2\/users\/1"}],"replies":[{"embeddable":true,"href":"https:\/\/www.tzorg.nl\/ik-ben-al-client\/wp-json\/wp\/v2\/comments?post=8"}],"version-history":[{"count":45,"href":"https:\/\/www.tzorg.nl\/ik-ben-al-client\/wp-json\/wp\/v2\/pages\/8\/revisions"}],"predecessor-version":[{"id":206191,"href":"https:\/\/www.tzorg.nl\/ik-ben-al-client\/wp-json\/wp\/v2\/pages\/8\/revisions\/206191"}],"wp:attachment":[{"href":"https:\/\/www.tzorg.nl\/ik-ben-al-client\/wp-json\/wp\/v2\/media?parent=8"}],"curies":[{"name":"wp","href":"https:\/\/api.w.org\/{rel}","templated":true}]}}