{"id":205245,"date":"2025-10-21T09:00:00","date_gmt":"2025-10-21T07:00:00","guid":{"rendered":"https:\/\/www.tzorg.nl\/ik-ben-al-client\/?page_id=205245"},"modified":"2026-03-30T17:05:12","modified_gmt":"2026-03-30T15:05:12","slug":"zichtbaar-onmisbaar","status":"publish","type":"page","link":"https:\/\/www.tzorg.nl\/ik-ben-al-client\/zichtbaar-onmisbaar\/","title":{"rendered":"Documentaire &#8216;Zichtbaar Onmisbaar&#8217; biedt een ontroerend inkijkje in het werk van thuishulpen"},"content":{"rendered":"\n<div class=\"hh-block block-row block-row--stretch-narrow\">\n    <div class=\"block-row__row row block-row__row--align-stretch\">\n                \n\n<div class=\"hh-block block-column col col--1 col--lg-1\/1\">\n    \n<h2 class=\"hh-block block-heading block-heading--id-69f308a9a7bd5 h2\"data-mb=\"smaller\" id=\"hh-heading-ba667475-29a4-4da7-9660-d4216ed8f567\"\">Documentaire &#8216;Zichtbaar Onmisbaar&#8217; biedt een ontroerend inkijkje in het werk van thuishulpen<\/h2>\n<\/div>\n            <\/div>\n<\/div>\n\n\n\n<div class=\"hh-block block-row block-row--stretch-narrow\"data-mb=\"smaller\">\n    <div class=\"block-row__row row block-row__row--align-stretch\">\n                \n\n<div class=\"hh-block block-column col col--1 col--lg-1\/1\">\n    \n<p class=\"hh-block block-paragraph block-paragraph--id-69f308a9a7dc2\"><\/p>\n<\/div>\n            <\/div>\n<\/div>\n\n\n\n<div class=\"hh-block block-row block-row--stretch-narrow\">\n    <div class=\"block-row__row row block-row__row--align-stretch\">\n                \n\n<div class=\"hh-block block-column col col--1 col--lg-1\/1\">\n    \n<p class=\"hh-block block-paragraph block-paragraph--id-69f308a9a7ee4\"data-mb=\"small\"><strong>Terwijl de druk op de zorg blijft toenemen, vervullen duizenden thuishulpen binnen de Wet maatschappelijke ondersteuning (Wmo) dagelijks een stille, maar onmisbare rol in het welzijn van cli\u00ebnten. De nieuwe documentaire \u2018Zichtbaar Onmisbaar\u2019 van Tzorg, gemaakt in samenwerking met documentairemaker Wout van Wengerden, laat zien hoe deze vaak onzichtbare thuishulpen helpen om de zorg menselijk, werkbaar en betaalbaar te houden. Daar waar zij nu vaak onterecht gezien worden als enkel &#8216;de poets&#8217;.&nbsp;<\/strong><\/p>\n\n<p class=\"hh-block block-paragraph block-paragraph--id-69f308a9a7f43\"data-mb=\"small\">In deze documentaire volgt Wout van Wengerden thuishulpen Jennifer en Lieke tijdens hun werk bij cli\u00ebnten thuis. Hij dompelt zich onder in hun werk en spreekt met cli\u00ebnten en hun mantelzorgers.&nbsp;In 16 minuten krijg je een eerlijk en ontroerend inkijkje achter de voordeur van cli\u00ebnten. Je ziet&nbsp;thuishulpen niet alleen schoonmaken, maar vooral hoe ze ondersteunen, verbinden en signaleren. Daarmee vormen zij een onmisbare schakel in de zorgketen.<\/p>\n<\/div>\n            <\/div>\n<\/div>\n\n\n\n<div class=\"hh-block block-row block-row--stretch-narrow\"data-mb=\"regular\">\n    <div class=\"block-row__row row block-row__row--align-stretch\">\n                \n\n<div class=\"hh-block block-column col col--1 col--lg-1\/1\">\n    \n\n\n\n    \n    <button class=\"hh-block video-block video-block--hover-effect-default video-block--has-caption\"\n            data-video-loading=\"false\"\n            data-video-active=\"false\"\n            data-video-container-id=\"video-container-69f308a9a9d1a\"\n            data-video-display=\"inline\"\n            data-video-type=\"youtube\"\n            data-video-identifier=\"53cgnRbq6FE\"\n            data-video-css-class=\"video-block\"\n            aria-label=\"Video afspelen\"\n            data-mt=\"none\"            data-mb=\"small\">\n\n        \n        <div class=\"video-block__inner\">\n\n            \n            <figure class=\"video-block__image-container\" data-video-container-element>\n\n                \n                <picture class=\"video-block__picture\" draggable=\"false\">\n  <source media=\"(min-width: 481px)\" srcset=\"https:\/\/www.tzorg.nl\/ik-ben-al-client\/wp-content\/uploads\/2025\/10\/7.jpg\" width=\"760\" height=\"400\" \/>\n  <source media=\"(min-width: 0px)\" srcset=\"https:\/\/www.tzorg.nl\/ik-ben-al-client\/wp-content\/uploads\/2025\/10\/7-400x225.jpg 1x, https:\/\/www.tzorg.nl\/ik-ben-al-client\/wp-content\/uploads\/2025\/10\/7.jpg 2x\" width=\"400\" height=\"225\" \/>\n  <img class=\"video-block__image\" draggable=\"false\" decoding=\"async\" loading=\"lazy\" src=\"https:\/\/www.tzorg.nl\/ik-ben-al-client\/wp-content\/uploads\/2025\/10\/7.jpg\" alt=\"5482\" width=\"760\" height=\"400\" \/>\n<\/picture>\n                \n                                    \n                    \n                    <figcaption class=\"video-block__caption\">\n\n                        \n                        <span class=\"video-block__caption-text\">\n                            Documentaire \u2018Zichtbaar Onmisbaar\u2019                         <\/span>\n\n                        \n                    <\/figcaption>\n\n                    \n                \n                \n                <span class=\"video-block__play\">\n                    <span class=\"video-block__play-inner\"><\/span>\n                    \n<div class=\"hh-loader hh-loader--theme-light\" role=\"presentation\">\n\n    <svg class=\"hh-loader__spinner\"\n         width=\"24px\"\n         height=\"24px\"\n         viewBox=\"0 0 66 66\"\n         xmlns=\"http:\/\/www.w3.org\/2000\/svg\">\n        <circle class=\"hh-loader__spinner-circle\"\n                fill=\"none\"\n                stroke-width=\"6\"\n                stroke-linecap=\"round\"\n                cx=\"33\"\n                cy=\"33\"\n                r=\"30\"\/>\n    <\/svg>\n\n    \n<\/div>                <\/span>\n\n                \n            <\/figure>\n\n        <\/div>\n\n        \n    <\/button>\n\n\n\n<\/div>\n            <\/div>\n<\/div>\n\n\n\n<div class=\"hh-block block-row block-row--stretch-narrow\"data-mb=\"regular\">\n    <div class=\"block-row__row row block-row__row--preset-1\/3|1\/3|1\/3 block-row__row--align-stretch\">\n                \n\n<div class=\"hh-block block-column col col--1 col--lg-1\/3\">\n    \n\n\n    <div class=\"hh-block block-button block-button--align-left\"\n         data-mt=\"none\"         data-mb=\"small\">\n\n        \n            \n            <a href=\"https:\/\/www.tzorg.nl\/actueel\/thuishulp-onmisbaar-voor-toekomst-zorg\/\" target=\"_blank\" rel=\"noopener noreferrer\" class=\"hh-button hh-button--bc hh-button--style-alternative hh-button--size-large hh-button--color-primary hh-button--icon-next hh-button--icon-position-right block-button__button\"><span class=\"hh-button__text block-button__button-text\">Lees het nieuwsbericht<span class=\"hh-sr-only\"> (opent in nieuw tabblad)<\/span><\/span><figure class=\"hh-button__icon-container block-button__button-icon-container\"><svg class=\"hh-button__icon block-button__button-icon\" aria-hidden=\"true\"><use xlink:href=\"https:\/\/www.tzorg.nl\/ik-ben-al-client\/wp-content\/themes\/happyhorizon\/dist\/happyhorizon-icons-a0316ace699a2de18319fe4e051a51d5.svg#next\"\/><\/svg><\/figure><\/a>\n        \n    <\/div>\n\n\n\n<\/div>\n\n\n<div class=\"hh-block block-column col col--1 col--lg-1\/3\">\n    \n\n\n    <div class=\"hh-block block-button block-button--align-left\"\n         data-mt=\"none\"         data-mb=\"small\">\n\n        \n            \n            <a href=\"http:\/\/www.werkenbijtzorg.nl\" target=\"_blank\" rel=\"noopener noreferrer\" class=\"hh-button hh-button--bc hh-button--style-alternative hh-button--size-large hh-button--color-primary hh-button--icon-next hh-button--icon-position-right block-button__button\"><span class=\"hh-button__text block-button__button-text\">Werken als thuishulp?<span class=\"hh-sr-only\"> (opent in nieuw tabblad)<\/span><\/span><figure class=\"hh-button__icon-container block-button__button-icon-container\"><svg class=\"hh-button__icon block-button__button-icon\" aria-hidden=\"true\"><use xlink:href=\"https:\/\/www.tzorg.nl\/ik-ben-al-client\/wp-content\/themes\/happyhorizon\/dist\/happyhorizon-icons-a0316ace699a2de18319fe4e051a51d5.svg#next\"\/><\/svg><\/figure><\/a>\n        \n    <\/div>\n\n\n\n<\/div>\n\n\n<div class=\"hh-block block-column col col--1 col--lg-1\/3\">\n    \n\n\n    <div class=\"hh-block social-links-block\"\n         data-mt=\"none\"         data-mb=\"small\">\n        \n<ul class=\"social-links\">\n\n    \n        <li class=\"social-links__item\">\n            <a href=\"https:\/\/www.facebook.com\/Tzorg\/\"\n               title=\"Facebook\"                target=\"_blank\"\n                               rel=\"noopener nofollow\"\n               class=\"social-links__item-link\">\n\n                <svg class=\"social-links__item-icon\">\n                    <use xlink:href='https:\/\/www.tzorg.nl\/ik-ben-al-client\/wp-content\/themes\/happyhorizon\/dist\/happyhorizon-icons-a0316ace699a2de18319fe4e051a51d5.svg#icon-facebook'\/>\n                <\/svg>\n            <\/a>\n        <\/li>\n\n    \n        <li class=\"social-links__item\">\n            <a href=\"https:\/\/www.instagram.com\/tzorgthuiszorg\/\"\n               title=\"Instagram\"                target=\"_blank\"\n                               rel=\"noopener nofollow\"\n               class=\"social-links__item-link\">\n\n                <svg class=\"social-links__item-icon\">\n                    <use xlink:href='https:\/\/www.tzorg.nl\/ik-ben-al-client\/wp-content\/themes\/happyhorizon\/dist\/happyhorizon-icons-a0316ace699a2de18319fe4e051a51d5.svg#icon-instagram'\/>\n                <\/svg>\n            <\/a>\n        <\/li>\n\n    \n        <li class=\"social-links__item\">\n            <a href=\"https:\/\/www.linkedin.com\/company\/tzorg\/\"\n               title=\"LinkedIn\"                target=\"_blank\"\n                               rel=\"noopener nofollow\"\n               class=\"social-links__item-link\">\n\n                <svg class=\"social-links__item-icon\">\n                    <use xlink:href='https:\/\/www.tzorg.nl\/ik-ben-al-client\/wp-content\/themes\/happyhorizon\/dist\/happyhorizon-icons-a0316ace699a2de18319fe4e051a51d5.svg#icon-linkedin'\/>\n                <\/svg>\n            <\/a>\n        <\/li>\n\n    \n        <li class=\"social-links__item\">\n            <a href=\"https:\/\/www.youtube.com\/channel\/UC8to91y01i3Ci55DobjRcNA\"\n               title=\"YouTube\"                target=\"_blank\"\n                               rel=\"noopener nofollow\"\n               class=\"social-links__item-link\">\n\n                <svg class=\"social-links__item-icon\">\n                    <use xlink:href='https:\/\/www.tzorg.nl\/ik-ben-al-client\/wp-content\/themes\/happyhorizon\/dist\/happyhorizon-icons-a0316ace699a2de18319fe4e051a51d5.svg#icon-youtube'\/>\n                <\/svg>\n            <\/a>\n        <\/li>\n\n    \n        <li class=\"social-links__item\">\n            <a href=\"https:\/\/nl.linkedin.com\/company\/tzorg\"\n               title=\"TikTok\"                target=\"_blank\"\n                               rel=\"noopener nofollow\"\n               class=\"social-links__item-link\">\n\n                <svg class=\"social-links__item-icon\">\n                    <use xlink:href='https:\/\/www.tzorg.nl\/ik-ben-al-client\/wp-content\/themes\/happyhorizon\/dist\/happyhorizon-icons-a0316ace699a2de18319fe4e051a51d5.svg#icon-tiktok'\/>\n                <\/svg>\n            <\/a>\n        <\/li>\n\n    \n<\/ul>    <\/div>\n\n\n<\/div>\n            <\/div>\n<\/div>\n\n\n<p class=\"hh-block block-paragraph block-paragraph--id-69f308a9ad5bb\"data-mb=\"small\"><\/p>","protected":false},"excerpt":{"rendered":"","protected":false},"author":20,"featured_media":0,"parent":0,"menu_order":12,"comment_status":"closed","ping_status":"closed","template":"","meta":{"_acf_changed":false,"footnotes":""},"class_list":["post-205245","page","type-page","status-publish","hentry"],"acf":[],"yoast_head":"<title>Documentaire &#039;Zichtbaar Onmisbaar&#039; biedt een ontroerend inkijkje in het werk van thuishulpen - Ik ben al client<\/title>\n<meta name=\"description\" content=\"De documentaire \u2018Zichtbaar Onmisbaar\u2019 laat zien hoe onzichtbare thuishulpen binnen de Wmo helpen om de zorg menselijk, werkbaar en betaalbaar te houden.\" \/>\n<meta name=\"robots\" content=\"noindex, follow\" \/>\n<meta property=\"og:locale\" content=\"nl_NL\" \/>\n<meta property=\"og:type\" content=\"article\" \/>\n<meta property=\"og:title\" content=\"Documentaire &#039;Zichtbaar Onmisbaar&#039; biedt een ontroerend inkijkje in het werk van thuishulpen - Ik ben al client\" \/>\n<meta property=\"og:description\" content=\"De documentaire \u2018Zichtbaar Onmisbaar\u2019 laat zien hoe onzichtbare thuishulpen binnen de Wmo helpen om de zorg menselijk, werkbaar en betaalbaar te houden.\" \/>\n<meta property=\"og:url\" content=\"https:\/\/www.tzorg.nl\/ik-ben-al-client\/?page_id=205245\" \/>\n<meta property=\"og:site_name\" content=\"Ik ben al client\" \/>\n<meta property=\"article:modified_time\" content=\"2026-03-30T15:05:12+00:00\" \/>\n<meta name=\"twitter:card\" content=\"summary_large_image\" \/>\n<meta name=\"twitter:label1\" content=\"Geschatte leestijd\" \/>\n\t<meta name=\"twitter:data1\" content=\"1 minuut\" \/>\n<script type=\"application\/ld+json\" class=\"yoast-schema-graph\">{\"@context\":\"https:\\\/\\\/schema.org\",\"@graph\":[{\"@type\":\"WebPage\",\"@id\":\"https:\\\/\\\/www.tzorg.nl\\\/ik-ben-al-client\\\/?page_id=205245\",\"url\":\"https:\\\/\\\/www.tzorg.nl\\\/ik-ben-al-client\\\/?page_id=205245\",\"name\":\"Documentaire 'Zichtbaar Onmisbaar' biedt een ontroerend inkijkje in het werk van thuishulpen - Ik ben al client\",\"isPartOf\":{\"@id\":\"https:\\\/\\\/www.tzorg.nl\\\/ik-ben-al-client\\\/#website\"},\"datePublished\":\"2025-10-21T07:00:00+00:00\",\"dateModified\":\"2026-03-30T15:05:12+00:00\",\"description\":\"De documentaire \u2018Zichtbaar Onmisbaar\u2019 laat zien hoe onzichtbare thuishulpen binnen de Wmo helpen om de zorg menselijk, werkbaar en betaalbaar te houden.\",\"breadcrumb\":{\"@id\":\"https:\\\/\\\/www.tzorg.nl\\\/ik-ben-al-client\\\/?page_id=205245#breadcrumb\"},\"inLanguage\":\"nl-NL\",\"potentialAction\":[{\"@type\":\"ReadAction\",\"target\":[\"https:\\\/\\\/www.tzorg.nl\\\/ik-ben-al-client\\\/?page_id=205245\"]}]},{\"@type\":\"BreadcrumbList\",\"@id\":\"https:\\\/\\\/www.tzorg.nl\\\/ik-ben-al-client\\\/?page_id=205245#breadcrumb\",\"itemListElement\":[{\"@type\":\"ListItem\",\"position\":1,\"name\":\"Home\",\"item\":\"https:\\\/\\\/www.tzorg.nl\\\/ik-ben-al-client\\\/\"},{\"@type\":\"ListItem\",\"position\":2,\"name\":\"Thuishulp onmisbaar voor toekomst van de zorg &#8211; Documentaire \u2018Zichtbaar Onmisbaar\u2019 maakt hun cruciale rol zichtbaar.\"}]},{\"@type\":\"WebSite\",\"@id\":\"https:\\\/\\\/www.tzorg.nl\\\/ik-ben-al-client\\\/#website\",\"url\":\"https:\\\/\\\/www.tzorg.nl\\\/ik-ben-al-client\\\/\",\"name\":\"Tzorg\",\"description\":\"Huishoudelijke hulp met persoonlijke aandacht\",\"publisher\":{\"@id\":\"https:\\\/\\\/www.tzorg.nl\\\/ik-ben-al-client\\\/#organization\"},\"potentialAction\":[{\"@type\":\"SearchAction\",\"target\":{\"@type\":\"EntryPoint\",\"urlTemplate\":\"https:\\\/\\\/www.tzorg.nl\\\/ik-ben-al-client\\\/?zoek-term={search_term_string}\"},\"query-input\":{\"@type\":\"PropertyValueSpecification\",\"valueRequired\":true,\"valueName\":\"search_term_string\"}}],\"inLanguage\":\"nl-NL\"},{\"@type\":\"Organization\",\"@id\":\"https:\\\/\\\/www.tzorg.nl\\\/ik-ben-al-client\\\/#organization\",\"name\":\"Tzorg\",\"url\":\"https:\\\/\\\/www.tzorg.nl\\\/ik-ben-al-client\\\/\",\"logo\":{\"@type\":\"ImageObject\",\"inLanguage\":\"nl-NL\",\"@id\":\"https:\\\/\\\/www.tzorg.nl\\\/ik-ben-al-client\\\/#\\\/schema\\\/logo\\\/image\\\/\",\"url\":\"https:\\\/\\\/www.tzorg.nl\\\/ik-ben-al-client\\\/wp-content\\\/uploads\\\/2024\\\/07\\\/tzorg-logo.svg\",\"contentUrl\":\"https:\\\/\\\/www.tzorg.nl\\\/ik-ben-al-client\\\/wp-content\\\/uploads\\\/2024\\\/07\\\/tzorg-logo.svg\",\"width\":86,\"height\":39,\"caption\":\"Tzorg\"},\"image\":{\"@id\":\"https:\\\/\\\/www.tzorg.nl\\\/ik-ben-al-client\\\/#\\\/schema\\\/logo\\\/image\\\/\"}}]}<\/script>","yoast_head_json":{"title":"Documentaire 'Zichtbaar Onmisbaar' biedt een ontroerend inkijkje in het werk van thuishulpen - Ik ben al client","description":"De documentaire \u2018Zichtbaar Onmisbaar\u2019 laat zien hoe onzichtbare thuishulpen binnen de Wmo helpen om de zorg menselijk, werkbaar en betaalbaar te houden.","robots":{"index":"noindex","follow":"follow"},"og_locale":"nl_NL","og_type":"article","og_title":"Documentaire 'Zichtbaar Onmisbaar' biedt een ontroerend inkijkje in het werk van thuishulpen - Ik ben al client","og_description":"De documentaire \u2018Zichtbaar Onmisbaar\u2019 laat zien hoe onzichtbare thuishulpen binnen de Wmo helpen om de zorg menselijk, werkbaar en betaalbaar te houden.","og_url":"https:\/\/www.tzorg.nl\/ik-ben-al-client\/?page_id=205245","og_site_name":"Ik ben al client","article_modified_time":"2026-03-30T15:05:12+00:00","twitter_card":"summary_large_image","twitter_misc":{"Geschatte leestijd":"1 minuut"},"schema":{"@context":"https:\/\/schema.org","@graph":[{"@type":"WebPage","@id":"https:\/\/www.tzorg.nl\/ik-ben-al-client\/?page_id=205245","url":"https:\/\/www.tzorg.nl\/ik-ben-al-client\/?page_id=205245","name":"Documentaire 'Zichtbaar Onmisbaar' biedt een ontroerend inkijkje in het werk van thuishulpen - Ik ben al client","isPartOf":{"@id":"https:\/\/www.tzorg.nl\/ik-ben-al-client\/#website"},"datePublished":"2025-10-21T07:00:00+00:00","dateModified":"2026-03-30T15:05:12+00:00","description":"De documentaire \u2018Zichtbaar Onmisbaar\u2019 laat zien hoe onzichtbare thuishulpen binnen de Wmo helpen om de zorg menselijk, werkbaar en betaalbaar te houden.","breadcrumb":{"@id":"https:\/\/www.tzorg.nl\/ik-ben-al-client\/?page_id=205245#breadcrumb"},"inLanguage":"nl-NL","potentialAction":[{"@type":"ReadAction","target":["https:\/\/www.tzorg.nl\/ik-ben-al-client\/?page_id=205245"]}]},{"@type":"BreadcrumbList","@id":"https:\/\/www.tzorg.nl\/ik-ben-al-client\/?page_id=205245#breadcrumb","itemListElement":[{"@type":"ListItem","position":1,"name":"Home","item":"https:\/\/www.tzorg.nl\/ik-ben-al-client\/"},{"@type":"ListItem","position":2,"name":"Thuishulp onmisbaar voor toekomst van de zorg &#8211; Documentaire \u2018Zichtbaar Onmisbaar\u2019 maakt hun cruciale rol zichtbaar."}]},{"@type":"WebSite","@id":"https:\/\/www.tzorg.nl\/ik-ben-al-client\/#website","url":"https:\/\/www.tzorg.nl\/ik-ben-al-client\/","name":"Tzorg","description":"Huishoudelijke hulp met persoonlijke aandacht","publisher":{"@id":"https:\/\/www.tzorg.nl\/ik-ben-al-client\/#organization"},"potentialAction":[{"@type":"SearchAction","target":{"@type":"EntryPoint","urlTemplate":"https:\/\/www.tzorg.nl\/ik-ben-al-client\/?zoek-term={search_term_string}"},"query-input":{"@type":"PropertyValueSpecification","valueRequired":true,"valueName":"search_term_string"}}],"inLanguage":"nl-NL"},{"@type":"Organization","@id":"https:\/\/www.tzorg.nl\/ik-ben-al-client\/#organization","name":"Tzorg","url":"https:\/\/www.tzorg.nl\/ik-ben-al-client\/","logo":{"@type":"ImageObject","inLanguage":"nl-NL","@id":"https:\/\/www.tzorg.nl\/ik-ben-al-client\/#\/schema\/logo\/image\/","url":"https:\/\/www.tzorg.nl\/ik-ben-al-client\/wp-content\/uploads\/2024\/07\/tzorg-logo.svg","contentUrl":"https:\/\/www.tzorg.nl\/ik-ben-al-client\/wp-content\/uploads\/2024\/07\/tzorg-logo.svg","width":86,"height":39,"caption":"Tzorg"},"image":{"@id":"https:\/\/www.tzorg.nl\/ik-ben-al-client\/#\/schema\/logo\/image\/"}}]}},"_links":{"self":[{"href":"https:\/\/www.tzorg.nl\/ik-ben-al-client\/wp-json\/wp\/v2\/pages\/205245","targetHints":{"allow":["GET"]}}],"collection":[{"href":"https:\/\/www.tzorg.nl\/ik-ben-al-client\/wp-json\/wp\/v2\/pages"}],"about":[{"href":"https:\/\/www.tzorg.nl\/ik-ben-al-client\/wp-json\/wp\/v2\/types\/page"}],"author":[{"embeddable":true,"href":"https:\/\/www.tzorg.nl\/ik-ben-al-client\/wp-json\/wp\/v2\/users\/20"}],"replies":[{"embeddable":true,"href":"https:\/\/www.tzorg.nl\/ik-ben-al-client\/wp-json\/wp\/v2\/comments?post=205245"}],"version-history":[{"count":33,"href":"https:\/\/www.tzorg.nl\/ik-ben-al-client\/wp-json\/wp\/v2\/pages\/205245\/revisions"}],"predecessor-version":[{"id":206043,"href":"https:\/\/www.tzorg.nl\/ik-ben-al-client\/wp-json\/wp\/v2\/pages\/205245\/revisions\/206043"}],"wp:attachment":[{"href":"https:\/\/www.tzorg.nl\/ik-ben-al-client\/wp-json\/wp\/v2\/media?parent=205245"}],"curies":[{"name":"wp","href":"https:\/\/api.w.org\/{rel}","templated":true}]}}