{"id":198574,"date":"2024-10-24T14:24:12","date_gmt":"2024-10-24T13:24:12","guid":{"rendered":"https:\/\/www.tzorg.nl\/ik-ben-al-client\/clientenraad-2\/"},"modified":"2025-12-01T12:43:48","modified_gmt":"2025-12-01T11:43:48","slug":"clientenraad","status":"publish","type":"page","link":"https:\/\/www.tzorg.nl\/ik-ben-al-client\/clientenraad\/","title":{"rendered":"Cli\u00ebntenraad"},"content":{"rendered":"\n<div class=\"hh-block block-row\"data-mb=\"smaller\">\n    <div class=\"block-row__row row block-row__row--preset-1\/2|1\/2 block-row__row--align-stretch\">\n                \n\n<div class=\"hh-block block-column col col--1 col--lg-1\/2\">\n    \n<p class=\"hh-block block-paragraph block-paragraph--id-69dce9e1ba152\"data-mb=\"small\"><strong>De cli\u00ebntenraad komt op voor de belangen van de cli\u00ebnt. Zij adviseren over het beleid van Tzorg. Daardoor blijft de hulp aan cli\u00ebnten verbeteren. Sinds januari 2024 is een nieuwe cli\u00ebntenraad gestart. In deze eerste fase hebben zij elkaar en de organisatie leren kennen.<\/strong>&nbsp;<strong>Inmiddels hebben zij een aantal keer samengezeten voor trainingen en vergaderingen. Nu staan zij klaar om op meerdere vlakken in gesprek te gaan met cli\u00ebnten.<\/strong><\/p>\n\n\n    <div class=\"hh-block block-image block-image--rounded-corners-regular\"\n         data-mt=\"none\"         data-mb=\"small\"         data-horizontal-align=\"centered\"\n         data-vertical-align=\"centered\"\n         data-mobile-align=\"centered\">\n\n         \n        <figure class=\"block-image__inner\" style=\"max-width: 1620px\">\n\n            \n            \n            <div class=\"block-image__image-container\">\n\n            \n                <picture class=\"block-image__picture\" draggable=\"false\">\n  <source media=\"(min-width: 414px)\" srcset=\"https:\/\/www.tzorg.nl\/ik-ben-al-client\/wp-content\/uploads\/2025\/10\/clientenraad-oktober-2025.jpg\" width=\"1620\" height=\"1080\" \/>\n  <source media=\"(min-width: 0px)\" srcset=\"https:\/\/www.tzorg.nl\/ik-ben-al-client\/wp-content\/uploads\/2025\/10\/clientenraad-oktober-2025-360x240.jpg 1x, https:\/\/www.tzorg.nl\/ik-ben-al-client\/wp-content\/uploads\/2025\/10\/clientenraad-oktober-2025-720x480.jpg 2x\" width=\"360\" height=\"240\" \/>\n  <img class=\"block-image__image\" draggable=\"false\" decoding=\"async\" loading=\"lazy\" src=\"https:\/\/www.tzorg.nl\/ik-ben-al-client\/wp-content\/uploads\/2025\/10\/clientenraad-oktober-2025.jpg\" alt=\"5571\" width=\"1620\" height=\"1080\" \/>\n<\/picture>\n                                    <div\n                        class=\"block-image__holder block-image__holder--desktop\"\n                        style=\"aspect-ratio: 1620\/1080; max-width: 1620px\">\n                    <\/div>\n                \n                                    <div\n                        class=\"block-image__holder block-image__holder--mobile\"\n                        style=\"aspect-ratio: 360\/240; max-width: 360px\">\n                    <\/div>\n                \n                                \n            <\/div>\n\n                        \n\n            \n            \n                            <figcaption\n                    class=\"block-image__caption hh-preview-link block-image__caption--align-left\">\n                    <p><strong>Bovenste rij van links naar rechts<\/strong>: Jan Westenberg, Monique Schenk (secretaris), Ingrid Fritsma, Jan Morren, Lode Vanderhallen<\/p>\n<p><strong>Onderste rij van links naar rechts<\/strong>: Casper Zinken, Irene Bosman, Annemieke Guldemond (voorzitter), Tanja Wegner (ondersteuner), Jan Senger<\/p>\n                <\/figcaption>\n            \n            \n        <\/figure>\n\n        \n    <\/div>\n\n\n\n<h2 class=\"hh-block block-heading block-heading--id-69dce9e1bc327 h2\"data-mb=\"smaller\" id=\"hh-heading-dc22c7f8-5357-4a2e-b8eb-200126a9deac\"\">Zo werkt de cli\u00ebntenraad<\/h2>\n\n<p class=\"hh-block block-paragraph block-paragraph--id-69dce9e1bc3bb\"data-mb=\"small\">De cli\u00ebntenraad komt 6 keer per jaar fysiek samen en 3 keer per jaar online. Op deze momenten bespreken zij:<\/p>\n\n<ul class=\"hh-block block-list block-list--type-unordered\"data-mb=\"small\">\n<li class=\"block-list__item\">\n            \nOnvrede, vragen en tips vanuit cli\u00ebnten of hun naasten.\n    <\/li>\n\n\n<li class=\"block-list__item\">\n            \nDe uitslag van het cli\u00ebnttevredenheidsonderzoek. Over aandachtspunten adviseren wij Tzorg.\n    <\/li>\n\n\n<li class=\"block-list__item\">\n            \nWat er in de regio speelt. Elk raadslid heeft contact met 1 of 2 regiokantoren. Zo weten we wat er daar speelt en werken we aan verbetering in elke regio.\n    <\/li>\n\n\n<li class=\"block-list__item\">\n            \nDe begroting.\n    <\/li>\n\n\n<li class=\"block-list__item\">\n            \n<a href=\"https:\/\/www.tzorg.nl\/wp-content\/uploads\/2025\/04\/Jaarverslag-Clientenraad-2024.pdf\">Het jaarverslag<\/a> van de cli\u00ebntenraad.\n    <\/li>\n\n\n<li class=\"block-list__item\">\n            \nDe klachtenregeling van Tzorg.\n    <\/li>\n\n\n<li class=\"block-list__item\">\n            \nNieuwe ontwikkelingen bij Tzorg.\n    <\/li>\n\n<\/ul>\n\n<h2 class=\"hh-block block-heading block-heading--id-69dce9e1bc6c5 h2\"data-mb=\"smaller\" id=\"hh-heading-1c122d6e-d9e9-4409-aecf-06dfc2a8d542\"\">Wij horen graag jouw stem<\/h2>\n\n<p class=\"hh-block block-paragraph block-paragraph--id-69dce9e1bc730\"data-mb=\"small\">De cli\u00ebntenraad bespreekt verschillende onderwerpen. Deze komen van onze kennissenkring, mantelzorgers, cli\u00ebnten en social media. Wij horen ook graag jouw stem! Zo maken we samen de hulp van Tzorg nog beter.<\/p>\n\n<p class=\"hh-block block-paragraph block-paragraph--id-69dce9e1bc78f\"data-mb=\"small\">Ook zijn wij altijd op zoek naar nieuwe enthousiaste leden. Ben jij digitaal vaardig \u00e9n sta jij ervoor open om meerdere keren per jaar aanwezig te zijn bij vergaderingen in Uden?<\/p>\n\n\n\n    <div class=\"hh-block block-button block-button--align-left\"\n         data-mt=\"none\"         data-mb=\"none\">\n\n        \n            \n            <a href=\"mailto:clientenraad@tzorg.nl\" target=\"_self\" class=\"hh-button hh-button--bc hh-button--style-outlined hh-button--size-large hh-button--color-secondary block-button__button\"><span class=\"hh-button__text block-button__button-text\">Mail de cli\u00ebntenraad<\/span><\/a>\n        \n    <\/div>\n\n\n\n<\/div>\n\n\n<div class=\"hh-block block-column col col--1 col--lg-1\/2\">\n    <\/div>\n            <\/div>\n<\/div>\n\n\n\n\n    <div class=\"hh-block block-button block-button--align-left\"\n         data-mt=\"none\"         data-mb=\"small\">\n\n        \n            \n            <a href=\"https:\/\/www.tzorg.nl\/wp-content\/uploads\/2025\/04\/Tzorg_Jaarverslag_2025_V6.pdf\" target=\"_self\" class=\"hh-button hh-button--bc hh-button--style-filled hh-button--size-large hh-button--color-primary block-button__button\"><span class=\"hh-button__text block-button__button-text\">Bekijk het jaarverslag<\/span><\/a>\n        \n    <\/div>\n\n\n","protected":false},"excerpt":{"rendered":"","protected":false},"author":5,"featured_media":0,"parent":0,"menu_order":28,"comment_status":"closed","ping_status":"closed","template":"","meta":{"_acf_changed":false,"footnotes":""},"class_list":["post-198574","page","type-page","status-publish","hentry"],"acf":[],"yoast_head":"<title>Cli\u00ebntenraad - Ik ben al client<\/title>\n<meta name=\"robots\" content=\"index, follow, max-snippet:-1, max-image-preview:large, max-video-preview:-1\" \/>\n<link rel=\"canonical\" href=\"https:\/\/www.tzorg.nl\/ik-ben-al-client\/clientenraad\/\" \/>\n<meta property=\"og:locale\" content=\"nl_NL\" \/>\n<meta property=\"og:type\" content=\"article\" \/>\n<meta property=\"og:title\" content=\"Cli\u00ebntenraad - Ik ben al client\" \/>\n<meta property=\"og:url\" content=\"https:\/\/www.tzorg.nl\/ik-ben-al-client\/clientenraad\/\" \/>\n<meta property=\"og:site_name\" content=\"Ik ben al client\" \/>\n<meta property=\"article:modified_time\" content=\"2025-12-01T11:43:48+00:00\" \/>\n<meta name=\"twitter:card\" content=\"summary_large_image\" \/>\n<meta name=\"twitter:label1\" content=\"Geschatte leestijd\" \/>\n\t<meta name=\"twitter:data1\" content=\"2 minuten\" \/>\n<script type=\"application\/ld+json\" class=\"yoast-schema-graph\">{\"@context\":\"https:\/\/schema.org\",\"@graph\":[{\"@type\":\"WebPage\",\"@id\":\"https:\/\/www.tzorg.nl\/ik-ben-al-client\/clientenraad\/\",\"url\":\"https:\/\/www.tzorg.nl\/ik-ben-al-client\/clientenraad\/\",\"name\":\"Cli\u00ebntenraad - Ik ben al client\",\"isPartOf\":{\"@id\":\"https:\/\/www.tzorg.nl\/ik-ben-al-client\/#website\"},\"datePublished\":\"2024-10-24T13:24:12+00:00\",\"dateModified\":\"2025-12-01T11:43:48+00:00\",\"breadcrumb\":{\"@id\":\"https:\/\/www.tzorg.nl\/ik-ben-al-client\/clientenraad\/#breadcrumb\"},\"inLanguage\":\"nl-NL\",\"potentialAction\":[{\"@type\":\"ReadAction\",\"target\":[\"https:\/\/www.tzorg.nl\/ik-ben-al-client\/clientenraad\/\"]}]},{\"@type\":\"BreadcrumbList\",\"@id\":\"https:\/\/www.tzorg.nl\/ik-ben-al-client\/clientenraad\/#breadcrumb\",\"itemListElement\":[{\"@type\":\"ListItem\",\"position\":1,\"name\":\"Home\",\"item\":\"https:\/\/www.tzorg.nl\/ik-ben-al-client\/\"},{\"@type\":\"ListItem\",\"position\":2,\"name\":\"Cli\u00ebntenraad\"}]},{\"@type\":\"WebSite\",\"@id\":\"https:\/\/www.tzorg.nl\/ik-ben-al-client\/#website\",\"url\":\"https:\/\/www.tzorg.nl\/ik-ben-al-client\/\",\"name\":\"Tzorg\",\"description\":\"Huishoudelijke hulp met persoonlijke aandacht\",\"publisher\":{\"@id\":\"https:\/\/www.tzorg.nl\/ik-ben-al-client\/#organization\"},\"potentialAction\":[{\"@type\":\"SearchAction\",\"target\":{\"@type\":\"EntryPoint\",\"urlTemplate\":\"https:\/\/www.tzorg.nl\/ik-ben-al-client\/?zoek-term={search_term_string}\"},\"query-input\":{\"@type\":\"PropertyValueSpecification\",\"valueRequired\":true,\"valueName\":\"search_term_string\"}}],\"inLanguage\":\"nl-NL\"},{\"@type\":\"Organization\",\"@id\":\"https:\/\/www.tzorg.nl\/ik-ben-al-client\/#organization\",\"name\":\"Tzorg\",\"url\":\"https:\/\/www.tzorg.nl\/ik-ben-al-client\/\",\"logo\":{\"@type\":\"ImageObject\",\"inLanguage\":\"nl-NL\",\"@id\":\"https:\/\/www.tzorg.nl\/ik-ben-al-client\/#\/schema\/logo\/image\/\",\"url\":\"https:\/\/www.tzorg.nl\/ik-ben-al-client\/wp-content\/uploads\/2024\/07\/tzorg-logo.svg\",\"contentUrl\":\"https:\/\/www.tzorg.nl\/ik-ben-al-client\/wp-content\/uploads\/2024\/07\/tzorg-logo.svg\",\"width\":86,\"height\":39,\"caption\":\"Tzorg\"},\"image\":{\"@id\":\"https:\/\/www.tzorg.nl\/ik-ben-al-client\/#\/schema\/logo\/image\/\"}}]}<\/script>","yoast_head_json":{"title":"Cli\u00ebntenraad - Ik ben al client","robots":{"index":"index","follow":"follow","max-snippet":"max-snippet:-1","max-image-preview":"max-image-preview:large","max-video-preview":"max-video-preview:-1"},"canonical":"https:\/\/www.tzorg.nl\/ik-ben-al-client\/clientenraad\/","og_locale":"nl_NL","og_type":"article","og_title":"Cli\u00ebntenraad - Ik ben al client","og_url":"https:\/\/www.tzorg.nl\/ik-ben-al-client\/clientenraad\/","og_site_name":"Ik ben al client","article_modified_time":"2025-12-01T11:43:48+00:00","twitter_card":"summary_large_image","twitter_misc":{"Geschatte leestijd":"2 minuten"},"schema":{"@context":"https:\/\/schema.org","@graph":[{"@type":"WebPage","@id":"https:\/\/www.tzorg.nl\/ik-ben-al-client\/clientenraad\/","url":"https:\/\/www.tzorg.nl\/ik-ben-al-client\/clientenraad\/","name":"Cli\u00ebntenraad - Ik ben al client","isPartOf":{"@id":"https:\/\/www.tzorg.nl\/ik-ben-al-client\/#website"},"datePublished":"2024-10-24T13:24:12+00:00","dateModified":"2025-12-01T11:43:48+00:00","breadcrumb":{"@id":"https:\/\/www.tzorg.nl\/ik-ben-al-client\/clientenraad\/#breadcrumb"},"inLanguage":"nl-NL","potentialAction":[{"@type":"ReadAction","target":["https:\/\/www.tzorg.nl\/ik-ben-al-client\/clientenraad\/"]}]},{"@type":"BreadcrumbList","@id":"https:\/\/www.tzorg.nl\/ik-ben-al-client\/clientenraad\/#breadcrumb","itemListElement":[{"@type":"ListItem","position":1,"name":"Home","item":"https:\/\/www.tzorg.nl\/ik-ben-al-client\/"},{"@type":"ListItem","position":2,"name":"Cli\u00ebntenraad"}]},{"@type":"WebSite","@id":"https:\/\/www.tzorg.nl\/ik-ben-al-client\/#website","url":"https:\/\/www.tzorg.nl\/ik-ben-al-client\/","name":"Tzorg","description":"Huishoudelijke hulp met persoonlijke aandacht","publisher":{"@id":"https:\/\/www.tzorg.nl\/ik-ben-al-client\/#organization"},"potentialAction":[{"@type":"SearchAction","target":{"@type":"EntryPoint","urlTemplate":"https:\/\/www.tzorg.nl\/ik-ben-al-client\/?zoek-term={search_term_string}"},"query-input":{"@type":"PropertyValueSpecification","valueRequired":true,"valueName":"search_term_string"}}],"inLanguage":"nl-NL"},{"@type":"Organization","@id":"https:\/\/www.tzorg.nl\/ik-ben-al-client\/#organization","name":"Tzorg","url":"https:\/\/www.tzorg.nl\/ik-ben-al-client\/","logo":{"@type":"ImageObject","inLanguage":"nl-NL","@id":"https:\/\/www.tzorg.nl\/ik-ben-al-client\/#\/schema\/logo\/image\/","url":"https:\/\/www.tzorg.nl\/ik-ben-al-client\/wp-content\/uploads\/2024\/07\/tzorg-logo.svg","contentUrl":"https:\/\/www.tzorg.nl\/ik-ben-al-client\/wp-content\/uploads\/2024\/07\/tzorg-logo.svg","width":86,"height":39,"caption":"Tzorg"},"image":{"@id":"https:\/\/www.tzorg.nl\/ik-ben-al-client\/#\/schema\/logo\/image\/"}}]}},"_links":{"self":[{"href":"https:\/\/www.tzorg.nl\/ik-ben-al-client\/wp-json\/wp\/v2\/pages\/198574","targetHints":{"allow":["GET"]}}],"collection":[{"href":"https:\/\/www.tzorg.nl\/ik-ben-al-client\/wp-json\/wp\/v2\/pages"}],"about":[{"href":"https:\/\/www.tzorg.nl\/ik-ben-al-client\/wp-json\/wp\/v2\/types\/page"}],"author":[{"embeddable":true,"href":"https:\/\/www.tzorg.nl\/ik-ben-al-client\/wp-json\/wp\/v2\/users\/5"}],"replies":[{"embeddable":true,"href":"https:\/\/www.tzorg.nl\/ik-ben-al-client\/wp-json\/wp\/v2\/comments?post=198574"}],"version-history":[{"count":16,"href":"https:\/\/www.tzorg.nl\/ik-ben-al-client\/wp-json\/wp\/v2\/pages\/198574\/revisions"}],"predecessor-version":[{"id":205483,"href":"https:\/\/www.tzorg.nl\/ik-ben-al-client\/wp-json\/wp\/v2\/pages\/198574\/revisions\/205483"}],"wp:attachment":[{"href":"https:\/\/www.tzorg.nl\/ik-ben-al-client\/wp-json\/wp\/v2\/media?parent=198574"}],"curies":[{"name":"wp","href":"https:\/\/api.w.org\/{rel}","templated":true}]}}